{"id":66,"date":"2015-07-15T21:44:48","date_gmt":"2015-07-15T19:44:48","guid":{"rendered":"http:\/\/www.fewo-fritz-ahlbeck.de\/wordpress\/?page_id=66"},"modified":"2025-01-01T11:10:21","modified_gmt":"2025-01-01T10:10:21","slug":"impressum","status":"publish","type":"page","link":"https:\/\/www.fewo-fritz-ahlbeck.de\/wordpress\/impressum\/","title":{"rendered":"Impressum"},"content":{"rendered":"<p style=\"text-align: justify;\"><span style=\"color: #ffffff;\">Impressum, hier finden Sie die n\u00f6tigen Angaben zur Website, deren Inhalten und Betreiber.<\/span><\/p>\n<p style=\"text-align: justify;\" align=\"left\"><strong><u>1. Inhaltlich Verantwortlicher<\/u><\/strong><\/p>\n<p style=\"text-align: justify;\" align=\"left\">Herr Carsten Fritz<br \/>\nFriedrich-Schiller-Strasse 22<br \/>\n17419 Seebad Ahlbeck \/ Insel Usedom<br \/>\nTelefon: +49 ( 38378 ) 34659<\/p>\n<p style=\"text-align: justify;\" align=\"left\"><strong><u>2. <\/u><u>technische Betreuung, Fotos &amp; Umsetzung<\/u><\/strong><\/p>\n<p style=\"text-align: justify;\" align=\"left\"><strong>fritz-computer<\/strong><br \/>\nInh. Carsten Fritz<br \/>\nFriedrich-Schiller-Strasse 22<br \/>\n17419 Seebad Ahlbeck \/ Insel Usedom<br \/>\nTelefon: +49 ( 38378 ) 28971<br \/>\nTelefax: +49 ( 38378 ) 28973<\/p>\n<p style=\"text-align: justify;\"><u><strong>3. Allgemeine Informationen<br \/>\n<\/strong><\/u><\/p>\n<p style=\"text-align: justify;\"><strong>Haftung f\u00fcr Inhalte<\/strong><br \/>\nAls Diensteanbieter sind wir gem\u00e4\u00df \u00a7 7 Abs.1 TMG f\u00fcr eigene Inhalte auf diesen Seiten nach den allgemeinen Gesetzen verantwortlich. Nach \u00a7\u00a7 8 bis 10 TMG sind wir als Diensteanbieter jedoch nicht verpflichtet, \u00fcbermittelte oder gespeicherte fremde Informationen zu \u00fcberwachen oder nach Umst\u00e4nden zu forschen, die auf eine rechtswidrige T\u00e4tigkeit hinweisen. Verpflichtungen zur Entfernung oder Sperrung der Nutzung von Informationen nach den allgemeinen Gesetzen bleiben hiervon unber\u00fchrt. Eine diesbez\u00fcgliche Haftung ist jedoch erst ab dem Zeitpunkt der Kenntnis einer konkreten Rechtsverletzung m\u00f6glich. Bei Bekanntwerden von entsprechenden Rechtsverletzungen werden wir diese Inhalte umgehend entfernen.<\/p>\n<p style=\"text-align: justify;\"><strong>Haftung f\u00fcr Links<\/strong><br \/>\nUnser Angebot enth\u00e4lt Links zu externen Webseiten Dritter, auf deren Inhalte wir keinen Einfluss haben. Deshalb k\u00f6nnen wir f\u00fcr diese fremden Inhalte auch keine Gew\u00e4hr \u00fcbernehmen. F\u00fcr die Inhalte der verlinkten Seiten ist stets der jeweilige Anbieter oder Betreiber der Seiten verantwortlich. Die verlinkten Seiten wurden zum Zeitpunkt der Verlinkung auf m\u00f6gliche Rechtsverst\u00f6\u00dfe \u00fcberpr\u00fcft. Rechtswidrige Inhalte waren zum Zeitpunkt der Verlinkung nicht erkennbar. Eine permanente inhaltliche Kontrolle der verlinkten Seiten ist jedoch ohne konkrete Anhaltspunkte einer Rechtsverletzung nicht zumutbar. Bei Bekanntwerden von Rechtsverletzungen werden wir derartige Links umgehend entfernen.<\/p>\n<div class=\"entry-content\" style=\"text-align: justify;\">\n<p style=\"text-align: justify;\"><span style=\"color: #ffffff;\">Impressum, <span style=\"color: #ffffff;\">impressum,<\/span> Impressum,Impressum,<\/span><\/p>\n<\/div>\n","protected":false},"excerpt":{"rendered":"<p>Impressum, hier finden Sie die n\u00f6tigen Angaben zur Website, deren Inhalten und Betreiber. 1. Inhaltlich Verantwortlicher Herr Carsten Fritz Friedrich-Schiller-Strasse 22 17419 Seebad Ahlbeck \/ Insel Usedom Telefon: +49 ( 38378 ) 34659 2. technische Betreuung, Fotos &amp; Umsetzung fritz-computer&hellip; <\/p>\n","protected":false},"author":2,"featured_media":0,"parent":0,"menu_order":0,"comment_status":"closed","ping_status":"closed","template":"","meta":{"jetpack_post_was_ever_published":false,"footnotes":""},"class_list":["post-66","page","type-page","status-publish","hentry"],"yoast_head":"<!-- This site is optimized with the Yoast SEO plugin v27.4 - https:\/\/yoast.com\/product\/yoast-seo-wordpress\/ -->\n<title>Impressum - Ferienwohnungen Familie Fritz<\/title>\n<meta name=\"description\" content=\"Hier im Impressum finden Sie die n\u00f6tigen Angaben zur Website, deren Inhalten und Betreiber - Ferienwohnung &amp; Ferienzimmer Fam. Fritz im Seebad Ahlbeck.\" \/>\n<meta name=\"robots\" content=\"index, follow, max-snippet:-1, max-image-preview:large, max-video-preview:-1\" \/>\n<link rel=\"canonical\" href=\"https:\/\/www.fewo-fritz-ahlbeck.de\/wordpress\/impressum\/\" \/>\n<meta property=\"og:locale\" content=\"de_DE\" \/>\n<meta property=\"og:type\" content=\"article\" \/>\n<meta property=\"og:title\" content=\"Impressum - Ferienwohnungen Familie Fritz\" \/>\n<meta property=\"og:description\" content=\"Hier im Impressum finden Sie die n\u00f6tigen Angaben zur Website, deren Inhalten und Betreiber - Ferienwohnung &amp; Ferienzimmer Fam. Fritz im Seebad Ahlbeck.\" \/>\n<meta property=\"og:url\" content=\"https:\/\/www.fewo-fritz-ahlbeck.de\/wordpress\/impressum\/\" \/>\n<meta property=\"og:site_name\" content=\"Ferienwohnungen Familie Fritz\" \/>\n<meta property=\"article:publisher\" content=\"https:\/\/www.facebook.com\/fewo.fritz\/\" \/>\n<meta property=\"article:modified_time\" content=\"2025-01-01T10:10:21+00:00\" \/>\n<meta property=\"og:image\" content=\"https:\/\/i0.wp.com\/www.fewo-fritz-ahlbeck.de\/wordpress\/wp-content\/uploads\/2015\/07\/20140614-IMG_1650_I.jpg?fit=1011%2C674&ssl=1\" \/>\n\t<meta property=\"og:image:width\" content=\"1011\" \/>\n\t<meta property=\"og:image:height\" content=\"674\" \/>\n\t<meta property=\"og:image:type\" content=\"image\/jpeg\" \/>\n<meta name=\"twitter:card\" content=\"summary_large_image\" \/>\n<meta name=\"twitter:label1\" content=\"Gesch\u00e4tzte Lesezeit\" \/>\n\t<meta name=\"twitter:data1\" content=\"2\u00a0Minuten\" \/>\n<script type=\"application\/ld+json\" class=\"yoast-schema-graph\">{\"@context\":\"https:\\\/\\\/schema.org\",\"@graph\":[{\"@type\":\"WebPage\",\"@id\":\"https:\\\/\\\/www.fewo-fritz-ahlbeck.de\\\/wordpress\\\/impressum\\\/\",\"url\":\"https:\\\/\\\/www.fewo-fritz-ahlbeck.de\\\/wordpress\\\/impressum\\\/\",\"name\":\"Impressum - Ferienwohnungen Familie Fritz\",\"isPartOf\":{\"@id\":\"https:\\\/\\\/www.fewo-fritz-ahlbeck.de\\\/wordpress\\\/#website\"},\"datePublished\":\"2015-07-15T19:44:48+00:00\",\"dateModified\":\"2025-01-01T10:10:21+00:00\",\"description\":\"Hier im Impressum finden Sie die n\u00f6tigen Angaben zur Website, deren Inhalten und Betreiber - Ferienwohnung & Ferienzimmer Fam. Fritz im Seebad Ahlbeck.\",\"breadcrumb\":{\"@id\":\"https:\\\/\\\/www.fewo-fritz-ahlbeck.de\\\/wordpress\\\/impressum\\\/#breadcrumb\"},\"inLanguage\":\"de\",\"potentialAction\":[{\"@type\":\"ReadAction\",\"target\":[\"https:\\\/\\\/www.fewo-fritz-ahlbeck.de\\\/wordpress\\\/impressum\\\/\"]}]},{\"@type\":\"BreadcrumbList\",\"@id\":\"https:\\\/\\\/www.fewo-fritz-ahlbeck.de\\\/wordpress\\\/impressum\\\/#breadcrumb\",\"itemListElement\":[{\"@type\":\"ListItem\",\"position\":1,\"name\":\"Startseite\",\"item\":\"https:\\\/\\\/www.fewo-fritz-ahlbeck.de\\\/wordpress\\\/\"},{\"@type\":\"ListItem\",\"position\":2,\"name\":\"Impressum\"}]},{\"@type\":\"WebSite\",\"@id\":\"https:\\\/\\\/www.fewo-fritz-ahlbeck.de\\\/wordpress\\\/#website\",\"url\":\"https:\\\/\\\/www.fewo-fritz-ahlbeck.de\\\/wordpress\\\/\",\"name\":\"Ferienwohnung &amp; Ferienzimmer Fam. Fritz\",\"description\":\"Entspannung, Leben, Erleben Sie die Insel Usedom und verbringen Sie ein paar sch\u00f6ne Tage auf der Insel...\",\"potentialAction\":[{\"@type\":\"SearchAction\",\"target\":{\"@type\":\"EntryPoint\",\"urlTemplate\":\"https:\\\/\\\/www.fewo-fritz-ahlbeck.de\\\/wordpress\\\/?s={search_term_string}\"},\"query-input\":{\"@type\":\"PropertyValueSpecification\",\"valueRequired\":true,\"valueName\":\"search_term_string\"}}],\"inLanguage\":\"de\"}]}<\/script>\n<!-- \/ Yoast SEO plugin. -->","yoast_head_json":{"title":"Impressum - Ferienwohnungen Familie Fritz","description":"Hier im Impressum finden Sie die n\u00f6tigen Angaben zur Website, deren Inhalten und Betreiber - Ferienwohnung & Ferienzimmer Fam. Fritz im Seebad Ahlbeck.","robots":{"index":"index","follow":"follow","max-snippet":"max-snippet:-1","max-image-preview":"max-image-preview:large","max-video-preview":"max-video-preview:-1"},"canonical":"https:\/\/www.fewo-fritz-ahlbeck.de\/wordpress\/impressum\/","og_locale":"de_DE","og_type":"article","og_title":"Impressum - Ferienwohnungen Familie Fritz","og_description":"Hier im Impressum finden Sie die n\u00f6tigen Angaben zur Website, deren Inhalten und Betreiber - Ferienwohnung & Ferienzimmer Fam. Fritz im Seebad Ahlbeck.","og_url":"https:\/\/www.fewo-fritz-ahlbeck.de\/wordpress\/impressum\/","og_site_name":"Ferienwohnungen Familie Fritz","article_publisher":"https:\/\/www.facebook.com\/fewo.fritz\/","article_modified_time":"2025-01-01T10:10:21+00:00","og_image":[{"width":1011,"height":674,"url":"https:\/\/i0.wp.com\/www.fewo-fritz-ahlbeck.de\/wordpress\/wp-content\/uploads\/2015\/07\/20140614-IMG_1650_I.jpg?fit=1011%2C674&ssl=1","type":"image\/jpeg"}],"twitter_card":"summary_large_image","twitter_misc":{"Gesch\u00e4tzte Lesezeit":"2\u00a0Minuten"},"schema":{"@context":"https:\/\/schema.org","@graph":[{"@type":"WebPage","@id":"https:\/\/www.fewo-fritz-ahlbeck.de\/wordpress\/impressum\/","url":"https:\/\/www.fewo-fritz-ahlbeck.de\/wordpress\/impressum\/","name":"Impressum - Ferienwohnungen Familie Fritz","isPartOf":{"@id":"https:\/\/www.fewo-fritz-ahlbeck.de\/wordpress\/#website"},"datePublished":"2015-07-15T19:44:48+00:00","dateModified":"2025-01-01T10:10:21+00:00","description":"Hier im Impressum finden Sie die n\u00f6tigen Angaben zur Website, deren Inhalten und Betreiber - Ferienwohnung & Ferienzimmer Fam. Fritz im Seebad Ahlbeck.","breadcrumb":{"@id":"https:\/\/www.fewo-fritz-ahlbeck.de\/wordpress\/impressum\/#breadcrumb"},"inLanguage":"de","potentialAction":[{"@type":"ReadAction","target":["https:\/\/www.fewo-fritz-ahlbeck.de\/wordpress\/impressum\/"]}]},{"@type":"BreadcrumbList","@id":"https:\/\/www.fewo-fritz-ahlbeck.de\/wordpress\/impressum\/#breadcrumb","itemListElement":[{"@type":"ListItem","position":1,"name":"Startseite","item":"https:\/\/www.fewo-fritz-ahlbeck.de\/wordpress\/"},{"@type":"ListItem","position":2,"name":"Impressum"}]},{"@type":"WebSite","@id":"https:\/\/www.fewo-fritz-ahlbeck.de\/wordpress\/#website","url":"https:\/\/www.fewo-fritz-ahlbeck.de\/wordpress\/","name":"Ferienwohnung &amp; Ferienzimmer Fam. Fritz","description":"Entspannung, Leben, Erleben Sie die Insel Usedom und verbringen Sie ein paar sch\u00f6ne Tage auf der Insel...","potentialAction":[{"@type":"SearchAction","target":{"@type":"EntryPoint","urlTemplate":"https:\/\/www.fewo-fritz-ahlbeck.de\/wordpress\/?s={search_term_string}"},"query-input":{"@type":"PropertyValueSpecification","valueRequired":true,"valueName":"search_term_string"}}],"inLanguage":"de"}]}},"jetpack_sharing_enabled":false,"_links":{"self":[{"href":"https:\/\/www.fewo-fritz-ahlbeck.de\/wordpress\/wp-json\/wp\/v2\/pages\/66","targetHints":{"allow":["GET"]}}],"collection":[{"href":"https:\/\/www.fewo-fritz-ahlbeck.de\/wordpress\/wp-json\/wp\/v2\/pages"}],"about":[{"href":"https:\/\/www.fewo-fritz-ahlbeck.de\/wordpress\/wp-json\/wp\/v2\/types\/page"}],"author":[{"embeddable":true,"href":"https:\/\/www.fewo-fritz-ahlbeck.de\/wordpress\/wp-json\/wp\/v2\/users\/2"}],"replies":[{"embeddable":true,"href":"https:\/\/www.fewo-fritz-ahlbeck.de\/wordpress\/wp-json\/wp\/v2\/comments?post=66"}],"version-history":[{"count":5,"href":"https:\/\/www.fewo-fritz-ahlbeck.de\/wordpress\/wp-json\/wp\/v2\/pages\/66\/revisions"}],"predecessor-version":[{"id":603,"href":"https:\/\/www.fewo-fritz-ahlbeck.de\/wordpress\/wp-json\/wp\/v2\/pages\/66\/revisions\/603"}],"wp:attachment":[{"href":"https:\/\/www.fewo-fritz-ahlbeck.de\/wordpress\/wp-json\/wp\/v2\/media?parent=66"}],"curies":[{"name":"wp","href":"https:\/\/api.w.org\/{rel}","templated":true}]}}