{"id":208,"date":"2016-11-26T10:56:01","date_gmt":"2016-11-26T09:56:01","guid":{"rendered":"http:\/\/www.fewo-fritz-ahlbeck.de\/wordpress\/?page_id=208"},"modified":"2019-11-25T09:03:15","modified_gmt":"2019-11-25T08:03:15","slug":"angebot","status":"publish","type":"page","link":"https:\/\/www.fewo-fritz-ahlbeck.de\/wordpress\/angebot\/","title":{"rendered":"Angebot"},"content":{"rendered":"<h2 style=\"text-align: center;\"><strong>Angebot &#8211; &#8222;Fr\u00fchlingserwachen&#8220;<\/strong><\/h2>\n<p>&nbsp;<\/p>\n<p style=\"text-align: justify;\">Haben Sie Lust, einfach mal die Seele an der Ostsee baumeln zu lassen?<\/p>\n<p>Wenn die Natur am Erwachen ist.<br \/>\nSich die Ostsee in ihrem herrlich facettenreichen Kleid zeigt.<br \/>\nDie ersten Fr\u00fchlingsst\u00fcrme \u00fcbers Land ziehen und sich die ersten Fr\u00fchlingsbl\u00fcher als Boten f\u00fcr das Bevorstehende pr\u00e4sentieren.<\/p>\n<p style=\"text-align: justify;\">Genie\u00dfen Sie doch ein paar Tage an der Ostsee im Seebad Ahlbeck und verbringen Sie ihren Urlaub in einer unserer Ferienwohnungen &#8211; &#8222;Seestern&#8220; oder &#8222;Leuchtturm&#8220;<br \/>\n<strong><br \/>\nAngebot f\u00fcr Sie: \u00a0\u00a0\u00a0\u00a0\u00a0\u00a0\u00a0\u00a0 7 Tage buchen aber nur 6 Tage bezahlen<\/strong><\/p>\n<p style=\"text-align: justify;\">Das Angebot gilt in der Zeit vom 01.03. bis zum 30.04. und kann ab sofort gebucht werden &#8212;&gt; aber nur solange der Vorrat reicht \ud83d\ude09<\/p>\n<p style=\"text-align: justify;\">Angebotsanfragen senden Sie bitte per Mail an: info@fewo-fritz-ahlbeck.de<\/p>\n<p style=\"text-align: justify;\">Sie finden uns auch auf Facebook www.facebook.com\/fewo.fritz<\/p>\n<figure id=\"attachment_209\" aria-describedby=\"caption-attachment-209\" style=\"width: 300px\" class=\"wp-caption aligncenter\"><a href=\"http:\/\/www.fewo-fritz-ahlbeck.de\/wordpress\/\"><img data-recalc-dims=\"1\" loading=\"lazy\" decoding=\"async\" class=\"wp-image-209 size-medium\" title=\"Fr\u00fchlingserwachen, Angebot\" src=\"https:\/\/i0.wp.com\/www.fewo-fritz-ahlbeck.de\/wordpress\/wp-content\/uploads\/2016\/11\/20150201-IMG_3297_kl.jpg?resize=300%2C200\" alt=\"Angebot: Fr\u00fchlingserwachen im Seebad Ahlbeck - die Seele baumeln lassen...\" width=\"300\" height=\"200\" srcset=\"https:\/\/i0.wp.com\/www.fewo-fritz-ahlbeck.de\/wordpress\/wp-content\/uploads\/2016\/11\/20150201-IMG_3297_kl.jpg?resize=300%2C200&amp;ssl=1 300w, https:\/\/i0.wp.com\/www.fewo-fritz-ahlbeck.de\/wordpress\/wp-content\/uploads\/2016\/11\/20150201-IMG_3297_kl.jpg?resize=768%2C512&amp;ssl=1 768w, https:\/\/i0.wp.com\/www.fewo-fritz-ahlbeck.de\/wordpress\/wp-content\/uploads\/2016\/11\/20150201-IMG_3297_kl.jpg?resize=306%2C205&amp;ssl=1 306w, https:\/\/i0.wp.com\/www.fewo-fritz-ahlbeck.de\/wordpress\/wp-content\/uploads\/2016\/11\/20150201-IMG_3297_kl.jpg?w=1011&amp;ssl=1 1011w\" sizes=\"auto, (max-width: 300px) 100vw, 300px\" \/><\/a><figcaption id=\"caption-attachment-209\" class=\"wp-caption-text\">Fr\u00fchlingserwachen im Seebad Ahlbeck &#8211; die Seele baumeln lassen&#8230;<\/figcaption><\/figure>\n<h2><\/h2>\n<h2 style=\"text-align: center;\"><strong>Angebot &#8211; &#8222;goldener Herbst&#8220;<\/strong><\/h2>\n<p>&nbsp;<\/p>\n<p>Haben Sie Lust, den Herbst auf der Insel Usedom zu genie\u00dfen?<br \/>\nWenn die ersten Bl\u00e4tter fallen, die V\u00f6gel gen S\u00fcden ziehen und sich die Insel von einer ganz anderen Seite zeigt.<\/p>\n<p>Genie\u00dfen Sie doch ein paar Tage an der Ostsee im Seebad Ahlbeck und verbringen Sie ihren Urlaub in einer unserer Ferienwohnungen &#8211; &#8222;Seestern&#8220; oder &#8222;Leuchtturm&#8220;<br \/>\n<strong><br \/>\nAngebot f\u00fcr Sie:<\/strong><strong>\u00a0\u00a0\u00a0\u00a0\u00a0\u00a0\u00a0\u00a0\u00a0 10 % Rabatt auf den Mietpreis &#8211; g\u00fcltig ab 7 Tagen<br \/>\n<\/strong><em>\u00a0\u00a0\u00a0\u00a0\u00a0\u00a0\u00a0\u00a0\u00a0\u00a0\u00a0\u00a0\u00a0\u00a0\u00a0\u00a0\u00a0\u00a0\u00a0\u00a0\u00a0\u00a0\u00a0\u00a0\u00a0\u00a0\u00a0\u00a0\u00a0\u00a0\u00a0\u00a0\u00a0\u00a0\u00a0\u00a0\u00a0 (Endreinigung ist davon ausgeschlossen)<\/em><strong><br \/>\n<\/strong><\/p>\n<p>Das Angebot gilt in der Zeit vom 23.09. bis zum 20.12. und kann ab sofort gebucht werden &#8212;&gt; aber nur solange der Vorrat reicht \ud83d\ude09<\/p>\n<p>Angebotsanfragen senden Sie bitte per Mail an: info@fewo-fritz-ahlbeck.de<\/p>\n<p>Sie finden uns auch auf Facebook www.facebook.com\/fewo.fritz<\/p>\n<p>&nbsp;<\/p>\n<figure id=\"attachment_274\" aria-describedby=\"caption-attachment-274\" style=\"width: 300px\" class=\"wp-caption aligncenter\"><a href=\"https:\/\/i0.wp.com\/www.fewo-fritz-ahlbeck.de\/wordpress\/wp-content\/uploads\/2016\/11\/20161113-IMG_6501-2.jpg\"><img data-recalc-dims=\"1\" loading=\"lazy\" decoding=\"async\" class=\"wp-image-274 size-medium\" src=\"https:\/\/i0.wp.com\/www.fewo-fritz-ahlbeck.de\/wordpress\/wp-content\/uploads\/2016\/11\/20161113-IMG_6501-2.jpg?resize=300%2C200\" alt=\"\" width=\"300\" height=\"200\" srcset=\"https:\/\/i0.wp.com\/www.fewo-fritz-ahlbeck.de\/wordpress\/wp-content\/uploads\/2016\/11\/20161113-IMG_6501-2.jpg?resize=300%2C200&amp;ssl=1 300w, https:\/\/i0.wp.com\/www.fewo-fritz-ahlbeck.de\/wordpress\/wp-content\/uploads\/2016\/11\/20161113-IMG_6501-2.jpg?resize=768%2C512&amp;ssl=1 768w, https:\/\/i0.wp.com\/www.fewo-fritz-ahlbeck.de\/wordpress\/wp-content\/uploads\/2016\/11\/20161113-IMG_6501-2.jpg?resize=1024%2C683&amp;ssl=1 1024w, https:\/\/i0.wp.com\/www.fewo-fritz-ahlbeck.de\/wordpress\/wp-content\/uploads\/2016\/11\/20161113-IMG_6501-2.jpg?resize=306%2C205&amp;ssl=1 306w, https:\/\/i0.wp.com\/www.fewo-fritz-ahlbeck.de\/wordpress\/wp-content\/uploads\/2016\/11\/20161113-IMG_6501-2.jpg?w=1284 1284w, https:\/\/i0.wp.com\/www.fewo-fritz-ahlbeck.de\/wordpress\/wp-content\/uploads\/2016\/11\/20161113-IMG_6501-2.jpg?w=1926 1926w\" sizes=\"auto, (max-width: 300px) 100vw, 300px\" \/><\/a><figcaption id=\"caption-attachment-274\" class=\"wp-caption-text\">goldener Herbst im Seebad Ahlbeck &#8211; einfach mal die Seele baumeln lassen&#8230;<\/figcaption><\/figure>\n<p><a href=\"http:\/\/www.ufweb.de\" target=\"_blank\" rel=\"noopener\"><span style=\"color: #ffffff;\">&#8230;<\/span><\/a><\/p>\n","protected":false},"excerpt":{"rendered":"<p>Angebot &#8211; &#8222;Fr\u00fchlingserwachen&#8220; &nbsp; Haben Sie Lust, einfach mal die Seele an der Ostsee baumeln zu lassen? Wenn die Natur am Erwachen ist. Sich die Ostsee in ihrem herrlich facettenreichen Kleid zeigt. Die ersten Fr\u00fchlingsst\u00fcrme \u00fcbers Land ziehen und sich&hellip; <\/p>\n","protected":false},"author":2,"featured_media":0,"parent":0,"menu_order":0,"comment_status":"closed","ping_status":"closed","template":"","meta":{"jetpack_post_was_ever_published":false,"footnotes":""},"class_list":["post-208","page","type-page","status-publish","hentry"],"yoast_head":"<!-- This site is optimized with the Yoast SEO plugin v27.4 - https:\/\/yoast.com\/product\/yoast-seo-wordpress\/ -->\n<title>Angebot - Ferienwohnungen Familie Fritz<\/title>\n<meta name=\"description\" content=\"Angebot - Fr\u00fchlingserwachen: Einfach mal die Seele baumeln lassen und das Erwachen des Fr\u00fchlings auf der Insel Usedom im Seebad Ahlbeck genie\u00dfen.\" \/>\n<meta name=\"robots\" content=\"index, follow, max-snippet:-1, max-image-preview:large, max-video-preview:-1\" \/>\n<link rel=\"canonical\" href=\"https:\/\/www.fewo-fritz-ahlbeck.de\/wordpress\/angebot\/\" \/>\n<meta property=\"og:locale\" content=\"de_DE\" \/>\n<meta property=\"og:type\" content=\"article\" \/>\n<meta property=\"og:title\" content=\"Angebot - Ferienwohnungen Familie Fritz\" \/>\n<meta property=\"og:description\" content=\"Angebot - Fr\u00fchlingserwachen: Einfach mal die Seele baumeln lassen und das Erwachen des Fr\u00fchlings auf der Insel Usedom im Seebad Ahlbeck genie\u00dfen.\" \/>\n<meta property=\"og:url\" content=\"https:\/\/www.fewo-fritz-ahlbeck.de\/wordpress\/angebot\/\" \/>\n<meta property=\"og:site_name\" content=\"Ferienwohnungen Familie Fritz\" \/>\n<meta property=\"article:publisher\" content=\"https:\/\/www.facebook.com\/fewo.fritz\/\" \/>\n<meta property=\"article:modified_time\" content=\"2019-11-25T08:03:15+00:00\" \/>\n<meta property=\"og:image\" content=\"http:\/\/www.fewo-fritz-ahlbeck.de\/wordpress\/wp-content\/uploads\/2016\/11\/20150201-IMG_3297_kl-300x200.jpg\" \/>\n<meta name=\"twitter:card\" content=\"summary_large_image\" \/>\n<meta name=\"twitter:label1\" content=\"Gesch\u00e4tzte Lesezeit\" \/>\n\t<meta name=\"twitter:data1\" content=\"2\u00a0Minuten\" \/>\n<script type=\"application\/ld+json\" class=\"yoast-schema-graph\">{\"@context\":\"https:\\\/\\\/schema.org\",\"@graph\":[{\"@type\":\"WebPage\",\"@id\":\"https:\\\/\\\/www.fewo-fritz-ahlbeck.de\\\/wordpress\\\/angebot\\\/\",\"url\":\"https:\\\/\\\/www.fewo-fritz-ahlbeck.de\\\/wordpress\\\/angebot\\\/\",\"name\":\"Angebot - Ferienwohnungen Familie Fritz\",\"isPartOf\":{\"@id\":\"https:\\\/\\\/www.fewo-fritz-ahlbeck.de\\\/wordpress\\\/#website\"},\"primaryImageOfPage\":{\"@id\":\"https:\\\/\\\/www.fewo-fritz-ahlbeck.de\\\/wordpress\\\/angebot\\\/#primaryimage\"},\"image\":{\"@id\":\"https:\\\/\\\/www.fewo-fritz-ahlbeck.de\\\/wordpress\\\/angebot\\\/#primaryimage\"},\"thumbnailUrl\":\"http:\\\/\\\/www.fewo-fritz-ahlbeck.de\\\/wordpress\\\/wp-content\\\/uploads\\\/2016\\\/11\\\/20150201-IMG_3297_kl-300x200.jpg\",\"datePublished\":\"2016-11-26T09:56:01+00:00\",\"dateModified\":\"2019-11-25T08:03:15+00:00\",\"description\":\"Angebot - Fr\u00fchlingserwachen: Einfach mal die Seele baumeln lassen und das Erwachen des Fr\u00fchlings auf der Insel Usedom im Seebad Ahlbeck genie\u00dfen.\",\"breadcrumb\":{\"@id\":\"https:\\\/\\\/www.fewo-fritz-ahlbeck.de\\\/wordpress\\\/angebot\\\/#breadcrumb\"},\"inLanguage\":\"de\",\"potentialAction\":[{\"@type\":\"ReadAction\",\"target\":[\"https:\\\/\\\/www.fewo-fritz-ahlbeck.de\\\/wordpress\\\/angebot\\\/\"]}]},{\"@type\":\"ImageObject\",\"inLanguage\":\"de\",\"@id\":\"https:\\\/\\\/www.fewo-fritz-ahlbeck.de\\\/wordpress\\\/angebot\\\/#primaryimage\",\"url\":\"https:\\\/\\\/i0.wp.com\\\/www.fewo-fritz-ahlbeck.de\\\/wordpress\\\/wp-content\\\/uploads\\\/2016\\\/11\\\/20150201-IMG_3297_kl.jpg?fit=1011%2C674&ssl=1\",\"contentUrl\":\"https:\\\/\\\/i0.wp.com\\\/www.fewo-fritz-ahlbeck.de\\\/wordpress\\\/wp-content\\\/uploads\\\/2016\\\/11\\\/20150201-IMG_3297_kl.jpg?fit=1011%2C674&ssl=1\",\"width\":1011,\"height\":674,\"caption\":\"Fr\u00fchlingserwachen im Seebad Ahlbeck - die Seele baumeln lassen...\"},{\"@type\":\"BreadcrumbList\",\"@id\":\"https:\\\/\\\/www.fewo-fritz-ahlbeck.de\\\/wordpress\\\/angebot\\\/#breadcrumb\",\"itemListElement\":[{\"@type\":\"ListItem\",\"position\":1,\"name\":\"Startseite\",\"item\":\"https:\\\/\\\/www.fewo-fritz-ahlbeck.de\\\/wordpress\\\/\"},{\"@type\":\"ListItem\",\"position\":2,\"name\":\"Angebot\"}]},{\"@type\":\"WebSite\",\"@id\":\"https:\\\/\\\/www.fewo-fritz-ahlbeck.de\\\/wordpress\\\/#website\",\"url\":\"https:\\\/\\\/www.fewo-fritz-ahlbeck.de\\\/wordpress\\\/\",\"name\":\"Ferienwohnung &amp; Ferienzimmer Fam. Fritz\",\"description\":\"Entspannung, Leben, Erleben Sie die Insel Usedom und verbringen Sie ein paar sch\u00f6ne Tage auf der Insel...\",\"potentialAction\":[{\"@type\":\"SearchAction\",\"target\":{\"@type\":\"EntryPoint\",\"urlTemplate\":\"https:\\\/\\\/www.fewo-fritz-ahlbeck.de\\\/wordpress\\\/?s={search_term_string}\"},\"query-input\":{\"@type\":\"PropertyValueSpecification\",\"valueRequired\":true,\"valueName\":\"search_term_string\"}}],\"inLanguage\":\"de\"}]}<\/script>\n<!-- \/ Yoast SEO plugin. -->","yoast_head_json":{"title":"Angebot - Ferienwohnungen Familie Fritz","description":"Angebot - Fr\u00fchlingserwachen: Einfach mal die Seele baumeln lassen und das Erwachen des Fr\u00fchlings auf der Insel Usedom im Seebad Ahlbeck genie\u00dfen.","robots":{"index":"index","follow":"follow","max-snippet":"max-snippet:-1","max-image-preview":"max-image-preview:large","max-video-preview":"max-video-preview:-1"},"canonical":"https:\/\/www.fewo-fritz-ahlbeck.de\/wordpress\/angebot\/","og_locale":"de_DE","og_type":"article","og_title":"Angebot - Ferienwohnungen Familie Fritz","og_description":"Angebot - Fr\u00fchlingserwachen: Einfach mal die Seele baumeln lassen und das Erwachen des Fr\u00fchlings auf der Insel Usedom im Seebad Ahlbeck genie\u00dfen.","og_url":"https:\/\/www.fewo-fritz-ahlbeck.de\/wordpress\/angebot\/","og_site_name":"Ferienwohnungen Familie Fritz","article_publisher":"https:\/\/www.facebook.com\/fewo.fritz\/","article_modified_time":"2019-11-25T08:03:15+00:00","og_image":[{"url":"http:\/\/www.fewo-fritz-ahlbeck.de\/wordpress\/wp-content\/uploads\/2016\/11\/20150201-IMG_3297_kl-300x200.jpg","type":"","width":"","height":""}],"twitter_card":"summary_large_image","twitter_misc":{"Gesch\u00e4tzte Lesezeit":"2\u00a0Minuten"},"schema":{"@context":"https:\/\/schema.org","@graph":[{"@type":"WebPage","@id":"https:\/\/www.fewo-fritz-ahlbeck.de\/wordpress\/angebot\/","url":"https:\/\/www.fewo-fritz-ahlbeck.de\/wordpress\/angebot\/","name":"Angebot - Ferienwohnungen Familie Fritz","isPartOf":{"@id":"https:\/\/www.fewo-fritz-ahlbeck.de\/wordpress\/#website"},"primaryImageOfPage":{"@id":"https:\/\/www.fewo-fritz-ahlbeck.de\/wordpress\/angebot\/#primaryimage"},"image":{"@id":"https:\/\/www.fewo-fritz-ahlbeck.de\/wordpress\/angebot\/#primaryimage"},"thumbnailUrl":"http:\/\/www.fewo-fritz-ahlbeck.de\/wordpress\/wp-content\/uploads\/2016\/11\/20150201-IMG_3297_kl-300x200.jpg","datePublished":"2016-11-26T09:56:01+00:00","dateModified":"2019-11-25T08:03:15+00:00","description":"Angebot - Fr\u00fchlingserwachen: Einfach mal die Seele baumeln lassen und das Erwachen des Fr\u00fchlings auf der Insel Usedom im Seebad Ahlbeck genie\u00dfen.","breadcrumb":{"@id":"https:\/\/www.fewo-fritz-ahlbeck.de\/wordpress\/angebot\/#breadcrumb"},"inLanguage":"de","potentialAction":[{"@type":"ReadAction","target":["https:\/\/www.fewo-fritz-ahlbeck.de\/wordpress\/angebot\/"]}]},{"@type":"ImageObject","inLanguage":"de","@id":"https:\/\/www.fewo-fritz-ahlbeck.de\/wordpress\/angebot\/#primaryimage","url":"https:\/\/i0.wp.com\/www.fewo-fritz-ahlbeck.de\/wordpress\/wp-content\/uploads\/2016\/11\/20150201-IMG_3297_kl.jpg?fit=1011%2C674&ssl=1","contentUrl":"https:\/\/i0.wp.com\/www.fewo-fritz-ahlbeck.de\/wordpress\/wp-content\/uploads\/2016\/11\/20150201-IMG_3297_kl.jpg?fit=1011%2C674&ssl=1","width":1011,"height":674,"caption":"Fr\u00fchlingserwachen im Seebad Ahlbeck - die Seele baumeln lassen..."},{"@type":"BreadcrumbList","@id":"https:\/\/www.fewo-fritz-ahlbeck.de\/wordpress\/angebot\/#breadcrumb","itemListElement":[{"@type":"ListItem","position":1,"name":"Startseite","item":"https:\/\/www.fewo-fritz-ahlbeck.de\/wordpress\/"},{"@type":"ListItem","position":2,"name":"Angebot"}]},{"@type":"WebSite","@id":"https:\/\/www.fewo-fritz-ahlbeck.de\/wordpress\/#website","url":"https:\/\/www.fewo-fritz-ahlbeck.de\/wordpress\/","name":"Ferienwohnung &amp; Ferienzimmer Fam. Fritz","description":"Entspannung, Leben, Erleben Sie die Insel Usedom und verbringen Sie ein paar sch\u00f6ne Tage auf der Insel...","potentialAction":[{"@type":"SearchAction","target":{"@type":"EntryPoint","urlTemplate":"https:\/\/www.fewo-fritz-ahlbeck.de\/wordpress\/?s={search_term_string}"},"query-input":{"@type":"PropertyValueSpecification","valueRequired":true,"valueName":"search_term_string"}}],"inLanguage":"de"}]}},"jetpack_sharing_enabled":false,"_links":{"self":[{"href":"https:\/\/www.fewo-fritz-ahlbeck.de\/wordpress\/wp-json\/wp\/v2\/pages\/208","targetHints":{"allow":["GET"]}}],"collection":[{"href":"https:\/\/www.fewo-fritz-ahlbeck.de\/wordpress\/wp-json\/wp\/v2\/pages"}],"about":[{"href":"https:\/\/www.fewo-fritz-ahlbeck.de\/wordpress\/wp-json\/wp\/v2\/types\/page"}],"author":[{"embeddable":true,"href":"https:\/\/www.fewo-fritz-ahlbeck.de\/wordpress\/wp-json\/wp\/v2\/users\/2"}],"replies":[{"embeddable":true,"href":"https:\/\/www.fewo-fritz-ahlbeck.de\/wordpress\/wp-json\/wp\/v2\/comments?post=208"}],"version-history":[{"count":5,"href":"https:\/\/www.fewo-fritz-ahlbeck.de\/wordpress\/wp-json\/wp\/v2\/pages\/208\/revisions"}],"predecessor-version":[{"id":343,"href":"https:\/\/www.fewo-fritz-ahlbeck.de\/wordpress\/wp-json\/wp\/v2\/pages\/208\/revisions\/343"}],"wp:attachment":[{"href":"https:\/\/www.fewo-fritz-ahlbeck.de\/wordpress\/wp-json\/wp\/v2\/media?parent=208"}],"curies":[{"name":"wp","href":"https:\/\/api.w.org\/{rel}","templated":true}]}}