{"id":2,"date":"2015-07-01T12:12:24","date_gmt":"2015-07-01T10:12:24","guid":{"rendered":"http:\/\/www.fewo-fritz-ahlbeck.de\/wordpress\/?page_id=2"},"modified":"2025-07-28T21:05:37","modified_gmt":"2025-07-28T19:05:37","slug":"startseite","status":"publish","type":"page","link":"https:\/\/www.fewo-fritz-ahlbeck.de\/wordpress\/","title":{"rendered":"Startseite"},"content":{"rendered":"<h1 style=\"text-align: justify;\"><span style=\"font-family: Georgia;\">Ostseeurlaub bei Familie Fritz!<br \/>\n<\/span><\/h1>\n<h3 style=\"text-align: justify;\"><span style=\"font-family: Georgia;\"><br \/>\nDie Insel Usedom<\/span><\/h3>\n<p style=\"text-align: justify;\"><span style=\"font-family: Georgia;\">ist als zweitgr\u00f6\u00dfte Insel auch der nord\u00f6stlichste Punkt Deutschlands und sie wird durch die Peene und das kleine Haff vom Festland getrennt. Bekannt wurde die Insel durch ihre einzigartige Landschaft mit dem \u00fcber 40 km langen, wei\u00dfen Sandstrand, den D\u00fcnen und der Steilk\u00fcste. Aber auch durch ihre zahlreichen kleinen idyllisch gelegenen Seen im Hinterland und ihrem Titel als &#8222;sonnenreichste Insel&#8220; Deutschlands.<\/span><\/p>\n<blockquote>\n<p style=\"padding-left: 120px;\">Diese Insel Usedom ist immer eine Reise wert:<br \/>\nOb im Sommer &#8211; um den Strand und das Meer zu genie\u00dfen.<br \/>\nOder im Fr\u00fchjahr &#8211; um die Insel mit dem Rad zu erkunden.<br \/>\nIm Herbst &#8211; um die ersten St\u00fcrme zu erleben.<br \/>\nOder im Winter &#8211; um die Ruhe auf diesem Eiland zu sp\u00fcren.<\/p>\n<\/blockquote>\n<h3 style=\"text-align: justify;\"><span style=\"font-family: Georgia;\">Das Seebad Ahlbeck,<\/span><\/h3>\n<p style=\"text-align: justify;\"><span style=\"font-family: Georgia;\">gelegen zwischen dem Seebad Heringsdorf und der Grenze zu Polen, ist eines der drei Kaiserb\u00e4der, welches schon fr\u00fcher den Namen &#8222;Familienbad&#8220; hatte. Um 1850 erhielt Ahlbeck die Genehmigung, nach Zinnowitz, Badeg\u00e4ste aufzunehmen. Anfang des 19. Jahrhunderts durfte Ahlbeck die Bezeichnung &#8222;Seebad Ahlbeck&#8220; tragen. <\/span><span style=\"font-family: Georgia;\">Unverkennlich ist die <strong>Seebr\u00fccke Ahlbeck<\/strong>s, welche aus dem Jahr 1899 stammt und eine L\u00e4nge von ca. 280 m hat. Die Seebr\u00fccke Ahlbeck wurde in gr\u00fcnderzeitlicher Architektur errichtet, Anfang der 90er Jahre erneuert und sie konnte bis heute ihre historische Bausubstanz erhalten. Auf dem Vorplatz der Ahlbecker Seebr\u00fccke steht die Standuhr im Jugendstil, welche aus dem Jahr 1911 stammt. Faszination erleben Sie, wenn Sie entlang der parallellaufenden Stra\u00dfe zur Ahlbecker Strandpromenade unterwegs sind. Denn die D\u00fcnenstra\u00dfe besticht durch ihre Bauten im Stil klassizistischer B\u00e4derarchitektur.<br \/>\n<\/span><\/p>\n<figure id=\"attachment_107\" aria-describedby=\"caption-attachment-107\" style=\"width: 300px\" class=\"wp-caption alignright\"><img data-recalc-dims=\"1\" loading=\"lazy\" decoding=\"async\" class=\"wp-image-107 size-medium\" src=\"https:\/\/i0.wp.com\/www.fewo-fritz-ahlbeck.de\/wordpress\/wp-content\/uploads\/2015\/07\/20140404-IMG_9877_I.jpg?resize=300%2C200\" alt=\"Ahlbecker Seebr\u00fccke\" width=\"300\" height=\"200\" srcset=\"https:\/\/i0.wp.com\/www.fewo-fritz-ahlbeck.de\/wordpress\/wp-content\/uploads\/2015\/07\/20140404-IMG_9877_I.jpg?resize=300%2C200&amp;ssl=1 300w, https:\/\/i0.wp.com\/www.fewo-fritz-ahlbeck.de\/wordpress\/wp-content\/uploads\/2015\/07\/20140404-IMG_9877_I.jpg?resize=306%2C205&amp;ssl=1 306w, https:\/\/i0.wp.com\/www.fewo-fritz-ahlbeck.de\/wordpress\/wp-content\/uploads\/2015\/07\/20140404-IMG_9877_I.jpg?w=1011&amp;ssl=1 1011w\" sizes=\"auto, (max-width: 300px) 100vw, 300px\" \/><figcaption id=\"caption-attachment-107\" class=\"wp-caption-text\">Die Seebr\u00fccke im Seebad Ahlbeck auf der Insel Usedom &#8211; kein Ende in Sicht.<\/figcaption><\/figure>\n<figure id=\"attachment_110\" aria-describedby=\"caption-attachment-110\" style=\"width: 300px\" class=\"wp-caption alignnone\"><img data-recalc-dims=\"1\" loading=\"lazy\" decoding=\"async\" class=\"size-medium wp-image-110\" src=\"https:\/\/i0.wp.com\/www.fewo-fritz-ahlbeck.de\/wordpress\/wp-content\/uploads\/2015\/07\/20140530-IMG_1499_I.jpg?resize=300%2C200\" alt=\"Die Seebr\u00fccke im Seebad Ahlbeck auf der Insel Usedom.\" width=\"300\" height=\"200\" srcset=\"https:\/\/i0.wp.com\/www.fewo-fritz-ahlbeck.de\/wordpress\/wp-content\/uploads\/2015\/07\/20140530-IMG_1499_I.jpg?resize=300%2C200&amp;ssl=1 300w, https:\/\/i0.wp.com\/www.fewo-fritz-ahlbeck.de\/wordpress\/wp-content\/uploads\/2015\/07\/20140530-IMG_1499_I.jpg?resize=306%2C205&amp;ssl=1 306w, https:\/\/i0.wp.com\/www.fewo-fritz-ahlbeck.de\/wordpress\/wp-content\/uploads\/2015\/07\/20140530-IMG_1499_I.jpg?w=1011&amp;ssl=1 1011w\" sizes=\"auto, (max-width: 300px) 100vw, 300px\" \/><figcaption id=\"caption-attachment-110\" class=\"wp-caption-text\">Die Seebr\u00fccke im Seebad Ahlbeck auf der Insel Usedom.<\/figcaption><\/figure>\n<h4 style=\"text-align: justify;\"><\/h4>\n<h4 style=\"text-align: justify;\"><span style=\"font-family: Georgia;\">Haben Sie schon gewusst,<\/span><\/h4>\n<p style=\"text-align: justify;\"><span style=\"font-family: Georgia;\">dass mit der polnischen Stadt <span class=\"st\">\u015awinouj\u015bcie (deutsch: <em>Swinem\u00fcnde<\/em>)<\/span> und den drei Kaiserb\u00e4dern hier nun die l\u00e4ngste Promenade von Europa ist? Im Jahr 2012 wurde die bestehende Strandpromenade der drei Kaiserb\u00e4der, um den polnischen Teil (ca. 3,5 km),\u00a0 erweiterter.\u00a0 <span style=\"text-decoration: underline;\">&#8222;Grenzenloses&#8220;<\/span> flanieren auf 12 Kilometer, wie w\u00e4re es da mit ausgiebigen Spazierg\u00e4ngen. Ob sportlich aktiv, per Fahrrad oder einfach nur gem\u00fctlich bummelnd.<br \/>\nWer jedoch glaubt, Seebad Ahlbeck, w\u00e4re nur ein Urlaubsort f\u00fcr die Sommerzeit, der irrt. Auch im Fr\u00fchjahr, Herbst und Winter bietet das Seebad gen\u00fcgend Freizeitm\u00f6glichkeiten. Seit 1995 geh\u00f6rt als Tradition f\u00fcr hart gesottene Winterurlauber das Eisbaden, in H\u00f6he der Ahlbecker Seebr\u00fccke, dazu.<br \/>\n<\/span><!--Anfang Linkcode --><span style=\"color: #ffffff;\"><a style=\"color: #ffffff;\" href=\"http:\/\/www.pensionen-weltweit.de\/region\/mecklenburg-vorpommern\/\">Unterkunft Mecklenburg-Vorpommern<\/a><\/span><br \/>\n<span style=\"color: #ffffff;\"> und <a style=\"color: #ffffff;\" href=\"http:\/\/www.spanien-travel.net\">Ferienwohnungen Spanien<\/a> von privat mieten<\/span><br \/>\n<!--ENDE Linkcode --><\/p>\n<p style=\"text-align: justify;\"><span style=\"color: #ffffff;\"><a style=\"color: #ffffff;\" href=\"http:\/\/www.ferienwohnung-kostenlos-eintragen.de\" target=\"_blank\" rel=\"noopener\">http:\/\/www.ferienwohnung-kostenlos-eintragen.de<\/a><\/span><\/p>\n<p style=\"text-align: center;\"><img data-recalc-dims=\"1\" loading=\"lazy\" decoding=\"async\" class=\"aligncenter wp-image-548 \" src=\"https:\/\/i0.wp.com\/www.fewo-fritz-ahlbeck.de\/wordpress\/wp-content\/uploads\/2023\/01\/Digital-Award-TRA-2023.png?resize=236%2C236\" alt=\"\" width=\"236\" height=\"236\" srcset=\"https:\/\/i0.wp.com\/www.fewo-fritz-ahlbeck.de\/wordpress\/wp-content\/uploads\/2023\/01\/Digital-Award-TRA-2023.png?resize=150%2C150&amp;ssl=1 150w, https:\/\/i0.wp.com\/www.fewo-fritz-ahlbeck.de\/wordpress\/wp-content\/uploads\/2023\/01\/Digital-Award-TRA-2023.png?resize=300%2C300&amp;ssl=1 300w, https:\/\/i0.wp.com\/www.fewo-fritz-ahlbeck.de\/wordpress\/wp-content\/uploads\/2023\/01\/Digital-Award-TRA-2023.png?resize=1024%2C1024&amp;ssl=1 1024w, https:\/\/i0.wp.com\/www.fewo-fritz-ahlbeck.de\/wordpress\/wp-content\/uploads\/2023\/01\/Digital-Award-TRA-2023.png?resize=768%2C768&amp;ssl=1 768w, https:\/\/i0.wp.com\/www.fewo-fritz-ahlbeck.de\/wordpress\/wp-content\/uploads\/2023\/01\/Digital-Award-TRA-2023.png?w=1080&amp;ssl=1 1080w\" sizes=\"auto, (max-width: 236px) 100vw, 236px\" \/>Wir sagen Dankesch\u00f6n!<\/p>\n","protected":false},"excerpt":{"rendered":"<p>Ostseeurlaub bei Familie Fritz! Die Insel Usedom ist als zweitgr\u00f6\u00dfte Insel auch der nord\u00f6stlichste Punkt Deutschlands und sie wird durch die Peene und das kleine Haff vom Festland getrennt. Bekannt wurde die Insel durch ihre einzigartige Landschaft mit dem \u00fcber&hellip; <\/p>\n","protected":false},"author":2,"featured_media":0,"parent":0,"menu_order":0,"comment_status":"closed","ping_status":"closed","template":"","meta":{"jetpack_post_was_ever_published":false,"footnotes":""},"class_list":["post-2","page","type-page","status-publish","hentry"],"yoast_head":"<!-- This site is optimized with the Yoast SEO plugin v27.5 - https:\/\/yoast.com\/product\/yoast-seo-wordpress\/ -->\n<title>Ostseeurlaub - Ferienwohnungen Fam. Fritz im Seebad Ahlbeck<\/title>\n<meta name=\"description\" content=\"Ihr Ostseeurlaub im Seebad Ahlbeck bei Fam. Fritz - Entspannung, Leben, Erleben Sie die Insel Usedom und verbringen Sie ein paar sch\u00f6ne Tage auf der Insel\u2026\" \/>\n<meta name=\"robots\" content=\"index, follow, max-snippet:-1, max-image-preview:large, max-video-preview:-1\" \/>\n<link rel=\"canonical\" href=\"https:\/\/www.fewo-fritz-ahlbeck.de\/wordpress\/\" \/>\n<meta property=\"og:locale\" content=\"de_DE\" \/>\n<meta property=\"og:type\" content=\"article\" \/>\n<meta property=\"og:title\" content=\"Ostseeurlaub - Ferienwohnungen Fam. Fritz im Seebad Ahlbeck\" \/>\n<meta property=\"og:description\" content=\"Ihr Ostseeurlaub im Seebad Ahlbeck bei Fam. Fritz - Entspannung, Leben, Erleben Sie die Insel Usedom und verbringen Sie ein paar sch\u00f6ne Tage auf der Insel\u2026\" \/>\n<meta property=\"og:url\" content=\"https:\/\/www.fewo-fritz-ahlbeck.de\/wordpress\/\" \/>\n<meta property=\"og:site_name\" content=\"Ferienwohnungen Familie Fritz\" \/>\n<meta property=\"article:publisher\" content=\"https:\/\/www.facebook.com\/fewo.fritz\/\" \/>\n<meta property=\"article:modified_time\" content=\"2025-07-28T19:05:37+00:00\" \/>\n<meta property=\"og:image\" content=\"http:\/\/www.fewo-fritz-ahlbeck.de\/wordpress\/wp-content\/uploads\/2015\/07\/20140404-IMG_9877_I-300x200.jpg\" \/>\n<meta name=\"twitter:card\" content=\"summary_large_image\" \/>\n<meta name=\"twitter:label1\" content=\"Gesch\u00e4tzte Lesezeit\" \/>\n\t<meta name=\"twitter:data1\" content=\"3\u00a0Minuten\" \/>\n<script type=\"application\/ld+json\" class=\"yoast-schema-graph\">{\"@context\":\"https:\\\/\\\/schema.org\",\"@graph\":[{\"@type\":\"WebPage\",\"@id\":\"https:\\\/\\\/www.fewo-fritz-ahlbeck.de\\\/wordpress\\\/\",\"url\":\"https:\\\/\\\/www.fewo-fritz-ahlbeck.de\\\/wordpress\\\/\",\"name\":\"Ostseeurlaub - Ferienwohnungen Fam. Fritz im Seebad Ahlbeck\",\"isPartOf\":{\"@id\":\"https:\\\/\\\/www.fewo-fritz-ahlbeck.de\\\/wordpress\\\/#website\"},\"primaryImageOfPage\":{\"@id\":\"https:\\\/\\\/www.fewo-fritz-ahlbeck.de\\\/wordpress\\\/#primaryimage\"},\"image\":{\"@id\":\"https:\\\/\\\/www.fewo-fritz-ahlbeck.de\\\/wordpress\\\/#primaryimage\"},\"thumbnailUrl\":\"http:\\\/\\\/www.fewo-fritz-ahlbeck.de\\\/wordpress\\\/wp-content\\\/uploads\\\/2015\\\/07\\\/20140404-IMG_9877_I-300x200.jpg\",\"datePublished\":\"2015-07-01T10:12:24+00:00\",\"dateModified\":\"2025-07-28T19:05:37+00:00\",\"description\":\"Ihr Ostseeurlaub im Seebad Ahlbeck bei Fam. Fritz - Entspannung, Leben, Erleben Sie die Insel Usedom und verbringen Sie ein paar sch\u00f6ne Tage auf der Insel\u2026\",\"breadcrumb\":{\"@id\":\"https:\\\/\\\/www.fewo-fritz-ahlbeck.de\\\/wordpress\\\/#breadcrumb\"},\"inLanguage\":\"de\",\"potentialAction\":[{\"@type\":\"ReadAction\",\"target\":[\"https:\\\/\\\/www.fewo-fritz-ahlbeck.de\\\/wordpress\\\/\"]}]},{\"@type\":\"ImageObject\",\"inLanguage\":\"de\",\"@id\":\"https:\\\/\\\/www.fewo-fritz-ahlbeck.de\\\/wordpress\\\/#primaryimage\",\"url\":\"https:\\\/\\\/i0.wp.com\\\/www.fewo-fritz-ahlbeck.de\\\/wordpress\\\/wp-content\\\/uploads\\\/2015\\\/07\\\/20140404-IMG_9877_I.jpg?fit=1011%2C674&ssl=1\",\"contentUrl\":\"https:\\\/\\\/i0.wp.com\\\/www.fewo-fritz-ahlbeck.de\\\/wordpress\\\/wp-content\\\/uploads\\\/2015\\\/07\\\/20140404-IMG_9877_I.jpg?fit=1011%2C674&ssl=1\",\"width\":1011,\"height\":674,\"caption\":\"Ahlbecker Seebr\u00fccke\"},{\"@type\":\"BreadcrumbList\",\"@id\":\"https:\\\/\\\/www.fewo-fritz-ahlbeck.de\\\/wordpress\\\/#breadcrumb\",\"itemListElement\":[{\"@type\":\"ListItem\",\"position\":1,\"name\":\"Startseite\",\"item\":\"https:\\\/\\\/www.fewo-fritz-ahlbeck.de\\\/wordpress\\\/\"},{\"@type\":\"ListItem\",\"position\":2,\"name\":\"Startseite\"}]},{\"@type\":\"WebSite\",\"@id\":\"https:\\\/\\\/www.fewo-fritz-ahlbeck.de\\\/wordpress\\\/#website\",\"url\":\"https:\\\/\\\/www.fewo-fritz-ahlbeck.de\\\/wordpress\\\/\",\"name\":\"Ferienwohnung &amp; Ferienzimmer Fam. Fritz\",\"description\":\"Entspannung, Leben, Erleben Sie die Insel Usedom und verbringen Sie ein paar sch\u00f6ne Tage auf der Insel...\",\"potentialAction\":[{\"@type\":\"SearchAction\",\"target\":{\"@type\":\"EntryPoint\",\"urlTemplate\":\"https:\\\/\\\/www.fewo-fritz-ahlbeck.de\\\/wordpress\\\/?s={search_term_string}\"},\"query-input\":{\"@type\":\"PropertyValueSpecification\",\"valueRequired\":true,\"valueName\":\"search_term_string\"}}],\"inLanguage\":\"de\"}]}<\/script>\n<!-- \/ Yoast SEO plugin. -->","yoast_head_json":{"title":"Ostseeurlaub - Ferienwohnungen Fam. Fritz im Seebad Ahlbeck","description":"Ihr Ostseeurlaub im Seebad Ahlbeck bei Fam. Fritz - Entspannung, Leben, Erleben Sie die Insel Usedom und verbringen Sie ein paar sch\u00f6ne Tage auf der Insel\u2026","robots":{"index":"index","follow":"follow","max-snippet":"max-snippet:-1","max-image-preview":"max-image-preview:large","max-video-preview":"max-video-preview:-1"},"canonical":"https:\/\/www.fewo-fritz-ahlbeck.de\/wordpress\/","og_locale":"de_DE","og_type":"article","og_title":"Ostseeurlaub - Ferienwohnungen Fam. Fritz im Seebad Ahlbeck","og_description":"Ihr Ostseeurlaub im Seebad Ahlbeck bei Fam. Fritz - Entspannung, Leben, Erleben Sie die Insel Usedom und verbringen Sie ein paar sch\u00f6ne Tage auf der Insel\u2026","og_url":"https:\/\/www.fewo-fritz-ahlbeck.de\/wordpress\/","og_site_name":"Ferienwohnungen Familie Fritz","article_publisher":"https:\/\/www.facebook.com\/fewo.fritz\/","article_modified_time":"2025-07-28T19:05:37+00:00","og_image":[{"url":"http:\/\/www.fewo-fritz-ahlbeck.de\/wordpress\/wp-content\/uploads\/2015\/07\/20140404-IMG_9877_I-300x200.jpg","type":"","width":"","height":""}],"twitter_card":"summary_large_image","twitter_misc":{"Gesch\u00e4tzte Lesezeit":"3\u00a0Minuten"},"schema":{"@context":"https:\/\/schema.org","@graph":[{"@type":"WebPage","@id":"https:\/\/www.fewo-fritz-ahlbeck.de\/wordpress\/","url":"https:\/\/www.fewo-fritz-ahlbeck.de\/wordpress\/","name":"Ostseeurlaub - Ferienwohnungen Fam. Fritz im Seebad Ahlbeck","isPartOf":{"@id":"https:\/\/www.fewo-fritz-ahlbeck.de\/wordpress\/#website"},"primaryImageOfPage":{"@id":"https:\/\/www.fewo-fritz-ahlbeck.de\/wordpress\/#primaryimage"},"image":{"@id":"https:\/\/www.fewo-fritz-ahlbeck.de\/wordpress\/#primaryimage"},"thumbnailUrl":"http:\/\/www.fewo-fritz-ahlbeck.de\/wordpress\/wp-content\/uploads\/2015\/07\/20140404-IMG_9877_I-300x200.jpg","datePublished":"2015-07-01T10:12:24+00:00","dateModified":"2025-07-28T19:05:37+00:00","description":"Ihr Ostseeurlaub im Seebad Ahlbeck bei Fam. Fritz - Entspannung, Leben, Erleben Sie die Insel Usedom und verbringen Sie ein paar sch\u00f6ne Tage auf der Insel\u2026","breadcrumb":{"@id":"https:\/\/www.fewo-fritz-ahlbeck.de\/wordpress\/#breadcrumb"},"inLanguage":"de","potentialAction":[{"@type":"ReadAction","target":["https:\/\/www.fewo-fritz-ahlbeck.de\/wordpress\/"]}]},{"@type":"ImageObject","inLanguage":"de","@id":"https:\/\/www.fewo-fritz-ahlbeck.de\/wordpress\/#primaryimage","url":"https:\/\/i0.wp.com\/www.fewo-fritz-ahlbeck.de\/wordpress\/wp-content\/uploads\/2015\/07\/20140404-IMG_9877_I.jpg?fit=1011%2C674&ssl=1","contentUrl":"https:\/\/i0.wp.com\/www.fewo-fritz-ahlbeck.de\/wordpress\/wp-content\/uploads\/2015\/07\/20140404-IMG_9877_I.jpg?fit=1011%2C674&ssl=1","width":1011,"height":674,"caption":"Ahlbecker Seebr\u00fccke"},{"@type":"BreadcrumbList","@id":"https:\/\/www.fewo-fritz-ahlbeck.de\/wordpress\/#breadcrumb","itemListElement":[{"@type":"ListItem","position":1,"name":"Startseite","item":"https:\/\/www.fewo-fritz-ahlbeck.de\/wordpress\/"},{"@type":"ListItem","position":2,"name":"Startseite"}]},{"@type":"WebSite","@id":"https:\/\/www.fewo-fritz-ahlbeck.de\/wordpress\/#website","url":"https:\/\/www.fewo-fritz-ahlbeck.de\/wordpress\/","name":"Ferienwohnung &amp; Ferienzimmer Fam. Fritz","description":"Entspannung, Leben, Erleben Sie die Insel Usedom und verbringen Sie ein paar sch\u00f6ne Tage auf der Insel...","potentialAction":[{"@type":"SearchAction","target":{"@type":"EntryPoint","urlTemplate":"https:\/\/www.fewo-fritz-ahlbeck.de\/wordpress\/?s={search_term_string}"},"query-input":{"@type":"PropertyValueSpecification","valueRequired":true,"valueName":"search_term_string"}}],"inLanguage":"de"}]}},"jetpack_sharing_enabled":false,"_links":{"self":[{"href":"https:\/\/www.fewo-fritz-ahlbeck.de\/wordpress\/wp-json\/wp\/v2\/pages\/2","targetHints":{"allow":["GET"]}}],"collection":[{"href":"https:\/\/www.fewo-fritz-ahlbeck.de\/wordpress\/wp-json\/wp\/v2\/pages"}],"about":[{"href":"https:\/\/www.fewo-fritz-ahlbeck.de\/wordpress\/wp-json\/wp\/v2\/types\/page"}],"author":[{"embeddable":true,"href":"https:\/\/www.fewo-fritz-ahlbeck.de\/wordpress\/wp-json\/wp\/v2\/users\/2"}],"replies":[{"embeddable":true,"href":"https:\/\/www.fewo-fritz-ahlbeck.de\/wordpress\/wp-json\/wp\/v2\/comments?post=2"}],"version-history":[{"count":5,"href":"https:\/\/www.fewo-fritz-ahlbeck.de\/wordpress\/wp-json\/wp\/v2\/pages\/2\/revisions"}],"predecessor-version":[{"id":710,"href":"https:\/\/www.fewo-fritz-ahlbeck.de\/wordpress\/wp-json\/wp\/v2\/pages\/2\/revisions\/710"}],"wp:attachment":[{"href":"https:\/\/www.fewo-fritz-ahlbeck.de\/wordpress\/wp-json\/wp\/v2\/media?parent=2"}],"curies":[{"name":"wp","href":"https:\/\/api.w.org\/{rel}","templated":true}]}}